{"id":20112,"date":"2025-11-20T12:07:34","date_gmt":"2025-11-20T17:07:34","guid":{"rendered":"https:\/\/www.plastitom.com\/catalogue\/produit\/tours-en-plastique-pour-armature-beton\/"},"modified":"2026-03-11T15:53:38","modified_gmt":"2026-03-11T19:53:38","slug":"plastic-towers-for-concrete-reinforcement","status":"publish","type":"product","link":"https:\/\/www.plastitom.com\/en\/catalogue\/produit\/plastic-towers-for-concrete-reinforcement\/","title":{"rendered":"Plastic towers for concrete reinforcement"},"content":{"rendered":"<p>The towers are designed for strength. Thanks to their two integrated heights, they offer unrivalled versatility. Manufactured from a specially developed engineering resin, they are <span class=\"ver\">the most robust<\/span> on the market. What&#8217;s more, the legs at the base of the towers are designed to leave no marks when the formwork is removed. Their unique shape makes work easier for users, enabling them to position the towers more easily through the formwork. <em>S<span class=\"spellver\" title=\"Slang, Slip, Swap\">lab<\/span> B<span class=\"spellver\">olster<\/span> <\/em>or other <span class=\"verupdated\">chairs<\/span> reinforcement. <span class=\"Y2IQFc\" lang=\"fr\">This product ensures optimum concrete flow to help prevent voids or linear cracks. <\/span><\/p>\n","protected":false},"excerpt":{"rendered":"<div id=\"brxe-hmgwhe\" class=\"brxe-product-short-description\">\n<div class=\"woocommerce-product-details__short-description\">\n<p><span class=\"modupdated\">Frequently used in combination with our products <em>Slab Bolsters<\/em> towers serve<\/span> to support a second or third row of rebars on your <span class=\"verupdated\">top slabs.<\/span><\/p>\n<p>TWR (2 heights per model)<\/p>\n<ul>\n<li>Bag from 20 to 70<\/li>\n<li>64 bags per pallet<\/li>\n<li>Heights 3\u2033 to 12.5\u2033 in 1\/2\u2033 increments<\/li>\n<li>Suitable for all rebar size<\/li>\n<\/ul>\n<\/div>\n<\/div>\n","protected":false},"featured_media":20114,"template":"","meta":{"_seopress_robots_primary_cat":"none","_seopress_titles_title":"Plastic Towers for Concrete Reinforcement | Rebar Accessories | Plasti-Tom","_seopress_titles_desc":"Plasti-Tom towers are sturdy plastic accessories for reinforced concrete. They ensure secure support for the rebar and a uniform concrete cover.","_seopress_robots_index":""},"product_brand":[],"product_cat":[310,800],"product_tag":[],"class_list":{"0":"post-20112","1":"product","2":"type-product","3":"status-publish","4":"has-post-thumbnail","6":"product_cat-accessoires-armaturiers","7":"product_cat-accessories-iron-workers","8":"pa_modele-twr-10-10-5-h-10-115254-267-mm","9":"pa_modele-twr-10-10-5-h-10-11-5254-267-mm","10":"pa_modele-twr-11-11-5-h-11-115-280-292-mm","11":"pa_modele-twr-11-11-5-h-11-11-5-280-292-mm","12":"pa_modele-twr-12-12-5-h-12-125-po-305-318-mm","14":"pa_modele-twr-3035-h-3-35-76-90-mm-2","15":"pa_modele-twr-3035-h-3-35-76-90-mm","16":"pa_modele-twr-4045-h-4-45-104-114-mm","17":"pa_modele-twr-4045-h-4-45-104-114-mm-2","18":"pa_modele-twr-5055-h-5-55-127-140-mm-2","19":"pa_modele-twr-5055-h-5-55-127-140-mm","20":"pa_modele-twr-6065-h-6-65-154-166-mm-2","21":"pa_modele-twr-6065-h-6-65-154-166-mm","22":"pa_modele-twr-7075-h-7-75-180-192-mm-2","23":"pa_modele-twr-7075-h-7-75-180-192-mm","24":"pa_modele-twr-8085-h-8-85-205-218-mm-2","25":"pa_modele-twr-8085-h-8-85-205-218-mm","26":"pa_modele-twr-9095-h-9-95-230-243-mm","27":"pa_modele-twr-9095-h-9-95-230-243-mm-2","28":"pa_type-de-livraison-bag-25-piece-bag","29":"pa_type-de-livraison-bag-30-piece-bag","30":"pa_type-de-livraison-bag-40-pieces-bag","31":"pa_type-de-livraison-bag-50-pieces-bag","32":"pa_type-de-livraison-bag-60-pieces-bag","33":"pa_type-de-livraison-bag-70-piece-bag","34":"pa_type-de-livraison-palette-1-600-pi-palette","35":"pa_type-de-livraison-palette-1-920-pi-palette","36":"pa_type-de-livraison-palette-2-560-pi-palette","37":"pa_type-de-livraison-palette-3-200-pi-palette","38":"pa_type-de-livraison-palette-3-840-pi-palette","39":"pa_type-de-livraison-palette-4-480-pi-palette","40":"pa_type-de-livraison-pallet-1600-piece-pallet","41":"pa_type-de-livraison-pallet-1920-pieces-pallet","42":"pa_type-de-livraison-pallet-2-560-pieces-pallet","43":"pa_type-de-livraison-pallet-3200-pieces-pallet","44":"pa_type-de-livraison-pallet-3840-pieces-pallet","45":"pa_type-de-livraison-pallet-4-480-pieces-pallet","46":"pa_type-de-livraison-sac-25-pi-sac","47":"pa_type-de-livraison-sac-30-pi-sac","48":"pa_type-de-livraison-sac-40-pi-sac","49":"pa_type-de-livraison-sac-50-pi-sac","50":"pa_type-de-livraison-sac-60-pi-sac","51":"pa_type-de-livraison-sac-70-pi-sac","53":"first","54":"instock","55":"shipping-taxable","56":"purchasable","57":"product-type-variable"},"meta_box":{"image_d_exemple_d_utilisation":[{"width":150,"height":150,"file":"2025\/11\/hero-secteur-construction-plasti-tom4.webp","filesize":144526,"sizes":{"medium":{"file":"hero-secteur-construction-plasti-tom4-300x144.webp","width":300,"height":144,"mime-type":"image\/webp","filesize":7400,"url":"https:\/\/www.plastitom.com\/wp-content\/uploads\/2025\/11\/hero-secteur-construction-plasti-tom4-300x144.webp"},"large":{"file":"hero-secteur-construction-plasti-tom4-1024x492.webp","width":1024,"height":492,"mime-type":"image\/webp","filesize":48522,"url":"https:\/\/www.plastitom.com\/wp-content\/uploads\/2025\/11\/hero-secteur-construction-plasti-tom4-1024x492.webp"},"thumbnail":{"file":"hero-secteur-construction-plasti-tom4-150x150.webp","width":150,"height":150,"mime-type":"image\/webp","filesize":4070,"url":"https:\/\/www.plastitom.com\/wp-content\/uploads\/2025\/11\/hero-secteur-construction-plasti-tom4-150x150.webp"},"medium_large":{"file":"hero-secteur-construction-plasti-tom4-768x369.webp","width":768,"height":369,"mime-type":"image\/webp","filesize":32082,"url":"https:\/\/www.plastitom.com\/wp-content\/uploads\/2025\/11\/hero-secteur-construction-plasti-tom4-768x369.webp"},"trp-custom-language-flag":{"file":"hero-secteur-construction-plasti-tom4-18x9.webp","width":18,"height":9,"mime-type":"image\/webp","filesize":120,"url":"https:\/\/www.plastitom.com\/wp-content\/uploads\/2025\/11\/hero-secteur-construction-plasti-tom4-18x9.webp"},"bricks_large_16x9":{"file":"hero-secteur-construction-plasti-tom4-1200x675.webp","width":1200,"height":675,"mime-type":"image\/webp","filesize":66384,"url":"https:\/\/www.plastitom.com\/wp-content\/uploads\/2025\/11\/hero-secteur-construction-plasti-tom4-1200x675.webp"},"bricks_large":{"file":"hero-secteur-construction-plasti-tom4-1200x577.webp","width":1200,"height":577,"mime-type":"image\/webp","filesize":60344,"url":"https:\/\/www.plastitom.com\/wp-content\/uploads\/2025\/11\/hero-secteur-construction-plasti-tom4-1200x577.webp"},"bricks_large_square":{"file":"hero-secteur-construction-plasti-tom4-1200x721.webp","width":1200,"height":721,"mime-type":"image\/webp","filesize":78930,"url":"https:\/\/www.plastitom.com\/wp-content\/uploads\/2025\/11\/hero-secteur-construction-plasti-tom4-1200x721.webp"},"bricks_medium":{"file":"hero-secteur-construction-plasti-tom4-600x288.webp","width":600,"height":288,"mime-type":"image\/webp","filesize":21946,"url":"https:\/\/www.plastitom.com\/wp-content\/uploads\/2025\/11\/hero-secteur-construction-plasti-tom4-600x288.webp"},"bricks_medium_square":{"file":"hero-secteur-construction-plasti-tom4-600x600.webp","width":600,"height":600,"mime-type":"image\/webp","filesize":31782,"url":"https:\/\/www.plastitom.com\/wp-content\/uploads\/2025\/11\/hero-secteur-construction-plasti-tom4-600x600.webp"},"mailpoet_newsletter_max":{"file":"hero-secteur-construction-plasti-tom4-1320x634.webp","width":1320,"height":634,"mime-type":"image\/webp","filesize":69346,"url":"https:\/\/www.plastitom.com\/wp-content\/uploads\/2025\/11\/hero-secteur-construction-plasti-tom4-1320x634.webp"},"woocommerce_thumbnail":{"file":"hero-secteur-construction-plasti-tom4-400x533.webp","width":400,"height":533,"mime-type":"image\/webp","filesize":20280,"uncropped":false,"url":"https:\/\/www.plastitom.com\/wp-content\/uploads\/2025\/11\/hero-secteur-construction-plasti-tom4-400x533.webp"},"woocommerce_single":{"file":"hero-secteur-construction-plasti-tom4-500x240.webp","width":500,"height":240,"mime-type":"image\/webp","filesize":16488,"url":"https:\/\/www.plastitom.com\/wp-content\/uploads\/2025\/11\/hero-secteur-construction-plasti-tom4-500x240.webp"},"woocommerce_gallery_thumbnail":{"file":"hero-secteur-construction-plasti-tom4-100x100.webp","width":100,"height":100,"mime-type":"image\/webp","filesize":2128,"url":"https:\/\/www.plastitom.com\/wp-content\/uploads\/2025\/11\/hero-secteur-construction-plasti-tom4-100x100.webp"}},"image_meta":{"aperture":"0","credit":"","camera":"","caption":"","created_timestamp":"0","copyright":"","focal_length":"0","iso":"0","shutter_speed":"0","title":"","orientation":"0","keywords":[]},"ID":"18874","name":"hero-secteur-construction-plasti-tom4.webp","path":"\/var\/www\/vhosts\/plastitom.com\/httpdocs\/wp-content\/uploads\/2025\/11\/hero-secteur-construction-plasti-tom4.webp","url":"https:\/\/www.plastitom.com\/wp-content\/uploads\/2025\/11\/hero-secteur-construction-plasti-tom4-150x150.webp","full_url":"https:\/\/www.plastitom.com\/wp-content\/uploads\/2025\/11\/hero-secteur-construction-plasti-tom4.webp","title":"tours en plastique pour armature b\u00e9ton","caption":"tours en plastique pour armature b\u00e9ton","description":"tours en plastique pour armature b\u00e9ton","alt":"Structure m\u00e9tallique arm\u00e9e sur chantier b\u00e9ton.","srcset":"https:\/\/www.plastitom.com\/wp-content\/uploads\/2025\/11\/hero-secteur-construction-plasti-tom4-150x150.webp 150w, https:\/\/www.plastitom.com\/wp-content\/uploads\/2025\/11\/hero-secteur-construction-plasti-tom4-600x600.webp 600w, https:\/\/www.plastitom.com\/wp-content\/uploads\/2025\/11\/hero-secteur-construction-plasti-tom4-100x100.webp 100w"}],"d":"Use of Plasti-Tom plastic towers for concrete reinforcement on a construction site.","masquer_exemple_dutilisation":"0","section_tableau_de_produit":"<h2>Table of available models<\/h2>\n<p>[table id=37 \/]<\/p>\n<div class=\"flex flex-grow flex-col max-w-full\">\n<div class=\"min-h-[20px] text-message flex flex-col items-start whitespace-pre-wrap break-words [.text-message+&amp;]:mt-5 juice:w-full juice:items-end overflow-x-auto gap-2\" dir=\"auto\" data-message-author-role=\"assistant\" data-message-id=\"45555838-8403-45dd-88d1-a663b19addce\">\n<div class=\"flex w-full flex-col gap-1 juice:empty:hidden juice:first:pt-[3px]\">\n<div class=\"markdown prose w-full break-words dark:prose-invert dark\">\n<h2>Spacing between the towers and the sand plates:<\/h2>\n<p>[table id=38 \/]<\/p>\n<p><img class=\"alignnone wp-image-1022\" src=\"https:\/\/www.plastitom.com\/wp-content\/uploads\/2021\/05\/image-plasti-tom-small.webp\" alt=\"\" width=\"769\" height=\"436\" \/><\/p>\n<p>The calculated spacing is the distance between the highest point of the base (A) and the lowest point of the tower (B).<\/p>\n<p><em>If you are using the lowest space on the sand plate to place your rebar, add 17.5 mm to the spacing indicated in the table above.<\/em><\/p>\n<\/div>\n<\/div>\n<\/div>\n<\/div>\n","spect_image":[],"relation-faq-produit_to":[]},"_links":{"self":[{"href":"https:\/\/www.plastitom.com\/en\/wp-json\/wp\/v2\/product\/20112","targetHints":{"allow":["GET"]}}],"collection":[{"href":"https:\/\/www.plastitom.com\/en\/wp-json\/wp\/v2\/product"}],"about":[{"href":"https:\/\/www.plastitom.com\/en\/wp-json\/wp\/v2\/types\/product"}],"version-history":[{"count":2,"href":"https:\/\/www.plastitom.com\/en\/wp-json\/wp\/v2\/product\/20112\/revisions"}],"predecessor-version":[{"id":20131,"href":"https:\/\/www.plastitom.com\/en\/wp-json\/wp\/v2\/product\/20112\/revisions\/20131"}],"wp:featuredmedia":[{"embeddable":true,"href":"https:\/\/www.plastitom.com\/en\/wp-json\/wp\/v2\/media\/20114"}],"wp:attachment":[{"href":"https:\/\/www.plastitom.com\/en\/wp-json\/wp\/v2\/media?parent=20112"}],"wp:term":[{"taxonomy":"product_brand","embeddable":true,"href":"https:\/\/www.plastitom.com\/en\/wp-json\/wp\/v2\/product_brand?post=20112"},{"taxonomy":"product_cat","embeddable":true,"href":"https:\/\/www.plastitom.com\/en\/wp-json\/wp\/v2\/product_cat?post=20112"},{"taxonomy":"product_tag","embeddable":true,"href":"https:\/\/www.plastitom.com\/en\/wp-json\/wp\/v2\/product_tag?post=20112"}],"curies":[{"name":"wp","href":"https:\/\/api.w.org\/{rel}","templated":true}]}}