{"id":20105,"date":"2025-11-18T15:42:27","date_gmt":"2025-11-18T20:42:27","guid":{"rendered":"https:\/\/www.plastitom.com\/fr\/privacy-policy-2\/"},"modified":"2026-03-11T16:36:17","modified_gmt":"2026-03-11T20:36:17","slug":"privacy-policy-2","status":"publish","type":"page","link":"https:\/\/www.plastitom.com\/en\/privacy-policy-2\/","title":{"rendered":"Privacy Policy"},"content":{"rendered":"<div class=\"bde-div-186-104 bde-div\">\n<h2><b>Liability<\/b><\/h2>\n<p class=\"p3\"><span class=\"s2\"><b>Plasti-Tom<\/b><\/span>\u00a0assumes no responsibility for any damages arising from the misuse of information provided on this website. All information expressed or made available on the site or through hyperlinks is the sole responsibility of the authors and not of Plasti-Tom. The content and hyperlinks on this site are provided for educational and informational purposes only. They should not be construed as expert health care or technical advice. It is not intended to be a substitute for professional advice.<\/p>\n<h2><b>Comments<\/b><\/h2>\n<p class=\"p3\">When you leave a comment on our site, the data entered in the comment form, as well as your IP address and your browser&#8217;s user agent, are collected to help us detect undesirable comments.<\/p>\n<p class=\"p3\">An anonymized string created from your e-mail address (also known as a hash) can be sent to the Gravatar service to check whether you&#8217;re using it.<\/p>\n<p class=\"p3\">The Gravatar privacy policy is available here :\u00a0<a href=\"https:\/\/automattic.com\/privacy\/\">https:\/\/automattic.com\/privacy\/<\/a>.<\/p>\n<p class=\"p3\">Once your comment has been validated, your profile photo will be publicly visible next to your comment.<\/p>\n<h2><b>Media<\/b><\/h2>\n<p class=\"p3\">If you upload images to the site, we advise you to avoid including EXIF data for GPS coordinates.<\/p>\n<p class=\"p3\">Site visitors can download and extract location data from these images.<\/p>\n<h2><b>Embedded content from other sites<\/b><\/h2>\n<p class=\"p3\">Articles on this site may include embedded content (e.g. videos, images, articles, etc.).<\/p>\n<p class=\"p3\">Content integrated from other sites behaves in the same way as if the visitor went directly to these other sites.<\/p>\n<p class=\"p3\">These websites may collect data about you, use cookies, embed third-party tracking tools, and track your interactions with such embedded content if you have a logged-in account on their site.<\/p>\n<h2><b>The rights you have over your data<\/b><\/h2>\n<p class=\"p3\">If you have an account or if you have left comments on the site, you may request to receive a file containing all the personal data we hold about you, including that which you have provided to us.<\/p>\n<p class=\"p3\">You can also request the deletion of your personal data.<\/p>\n<p class=\"p3\">This does not include data stored for administrative, legal or security purposes.<\/p>\n<h2><b>How long will your data be stored?<\/b><\/h2>\n<p class=\"p3\">If you leave a comment, it and its metadata are kept indefinitely.<\/p>\n<p class=\"p3\">This automatically recognizes and approves subsequent comments, instead of leaving them in moderation.<\/p>\n<p class=\"p3\">For accounts created on our site (where applicable), we also store the personal data indicated in their profile.<\/p>\n<p class=\"p3\">All accounts can view, modify or delete their personal information at any time (with the exception of their login).<\/p>\n<p class=\"p3\">Site managers can also view and modify this information.<\/p>\n<h2><b>Links to third-party sites<\/b><\/h2>\n<p class=\"p3\"><span class=\"s2\"><b>Plasti-Tom<\/b><\/span>, and its Web hosting provider have implemented a system to protect their electronic and computer communications.<\/p>\n<p class=\"p3\">However, Plasti-Tom cannot be held responsible for the possible transmission of computer viruses.<\/p>\n<p class=\"p3\">Browsing the site and downloading files is at the user&#8217;s own risk.<\/p>\n<p class=\"p3\">With a few exceptions, the Internet is not considered a secure network.<\/p>\n<p class=\"p3\">Plasti-Tom declines all responsibility for sending confidential information by e-mail via the site.<\/p>\n<h2><b>Use of the feminine form<\/b><\/h2>\n<p class=\"p3\">To make the texts easier to read,\u00a0<span class=\"s2\"><b>Plasti-Tom<\/b><\/span>\u00a0uses the feminine form where appropriate.<\/p>\n<p class=\"p3\">It is understood that this designation is in no way restrictive and includes masculine forms.<\/p>\n<h2><b>Security and confidentiality<\/b><\/h2>\n<p class=\"p3\"><span class=\"s2\"><b>Plasti-Tom<\/b><\/span>, ainsi que son fournisseur d\u2019h\u00e9bergement Web, mettent en place un syst\u00e8me de protection de leurs communications \u00e9lectroniques et informatiques.<\/p>\n<p class=\"p3\">Cependant, Plasti-Tom ne peut \u00eatre tenue responsable de la transmission \u00e9ventuelle de virus informatiques.<\/p>\n<p class=\"p3\">La navigation sur le site et le t\u00e9l\u00e9chargement de fichiers s\u2019effectuent aux risques de l\u2019utilisateur.<\/p>\n<p class=\"p3\">Sauf exception, Internet n\u2019est pas consid\u00e9r\u00e9 comme un r\u00e9seau s\u00e9curis\u00e9.<\/p>\n<p class=\"p3\">Plasti-Tom d\u00e9cline toute responsabilit\u00e9 li\u00e9e \u00e0 l\u2019envoi de renseignements confidentiels par courriel via le site.<\/p>\n<h2><b>Cookies<\/b><\/h2>\n<p class=\"p3\">Cookies are small text files stored on your device&#8217;s hard drive.<\/p>\n<p class=\"p3\">They are harmless and virus-free.<\/p>\n<p class=\"p3\">These cookies are used to improve navigation and measure site traffic.<\/p>\n<p class=\"p3\">For certain sections of the site to function correctly, your browser must accept cookies.<\/p>\n<p class=\"p3\">No personally identifiable information is collected by these cookies.<\/p>\n<h2><b>Where your data is sent<\/b><\/h2>\n<p class=\"p3\">Visitor comments can be checked using an automated spam detection service.<\/p>\n<h2><b>Google Analytics<\/b><\/h2>\n<p class=\"p3\">The website\u00a0<span class=\"s2\"><b>plastitom.com<\/b><\/span>\u00a0uses Google Analytics to analyze website traffic.<\/p>\n<p class=\"p3\">Exchanges of information are necessary to transmit content compatible with your device.<\/p>\n<p class=\"p3\">This data is used solely for internal statistical purposes.<\/p>\n<h2><b>Comments and error detection<\/b><\/h2>\n<p class=\"p3\">We welcome your comments.<\/p>\n<p class=\"p3\">If you detect an error on the site, please contact us at the following address:\u00a0<span class=\"s2\"><b>info@plastitom.com<\/b><b><\/b><\/span><\/p>\n<p class=\"p3\">We undertake to correct any errors as quickly as possible.<\/p>\n<h2><b>Person responsible for the protection of personal information<\/b><\/h2>\n<p class=\"p3\"><b>Francis Fecteau<\/b><b><\/b><\/p>\n<p class=\"p4\">Privacy Officer<\/p>\n<p class=\"p3\"><b>Plasti-Tom<\/b><b><\/b><\/p>\n<p class=\"p4\">875, rue Industrielle, Saint-Fr\u00e9d\u00e9ric (Qu\u00e9bec) G0N 1P0<\/p>\n<p class=\"p3\"><b>info@plastitom.com<\/b><b><\/b><\/p>\n<p class=\"p4\">If you have any questions about the collection, use or retention of your personal data, or if you wish to exercise your rights of access, rectification or deletion of your information, you may contact directly\u00a0<span class=\"s3\"><b>Francis Fecteau<\/b><\/span>\u00a0at the above address.<\/p>\n<\/div>\n","protected":false},"excerpt":{"rendered":"<p>Liability Plasti-Tom\u00a0assumes no responsibility for any damages arising from the misuse of information provided on this website. All information expressed or made available on the site or through hyperlinks is the sole responsibility of the authors and not of Plasti-Tom. The content and hyperlinks on this site are provided for educational and informational purposes only. [&hellip;]<\/p>\n","protected":false},"author":1,"featured_media":20104,"parent":0,"menu_order":0,"comment_status":"closed","ping_status":"closed","template":"","meta":{"_seopress_robots_primary_cat":"","_seopress_titles_title":"%%post_title%% %%sep%% %%sitetitle%%","_seopress_titles_desc":"See our legal notices: privacy, cookies, liability, comments, security, and the person responsible at Plasti-Tom.","_seopress_robots_index":"","footnotes":""},"class_list":["post-20105","page","type-page","status-publish","has-post-thumbnail","hentry"],"meta_box":[],"_links":{"self":[{"href":"https:\/\/www.plastitom.com\/en\/wp-json\/wp\/v2\/pages\/20105","targetHints":{"allow":["GET"]}}],"collection":[{"href":"https:\/\/www.plastitom.com\/en\/wp-json\/wp\/v2\/pages"}],"about":[{"href":"https:\/\/www.plastitom.com\/en\/wp-json\/wp\/v2\/types\/page"}],"author":[{"embeddable":true,"href":"https:\/\/www.plastitom.com\/en\/wp-json\/wp\/v2\/users\/1"}],"replies":[{"embeddable":true,"href":"https:\/\/www.plastitom.com\/en\/wp-json\/wp\/v2\/comments?post=20105"}],"version-history":[{"count":4,"href":"https:\/\/www.plastitom.com\/en\/wp-json\/wp\/v2\/pages\/20105\/revisions"}],"predecessor-version":[{"id":21141,"href":"https:\/\/www.plastitom.com\/en\/wp-json\/wp\/v2\/pages\/20105\/revisions\/21141"}],"wp:featuredmedia":[{"embeddable":true,"href":"https:\/\/www.plastitom.com\/en\/wp-json\/wp\/v2\/media\/20104"}],"wp:attachment":[{"href":"https:\/\/www.plastitom.com\/en\/wp-json\/wp\/v2\/media?parent=20105"}],"curies":[{"name":"wp","href":"https:\/\/api.w.org\/{rel}","templated":true}]}}