{"id":20098,"date":"2025-11-04T10:20:19","date_gmt":"2025-11-04T15:20:19","guid":{"rendered":"https:\/\/www.plastitom.com\/fr\/shipping-and-delivery-2\/"},"modified":"2026-03-12T10:22:12","modified_gmt":"2026-03-12T14:22:12","slug":"shipping-and-delivery","status":"publish","type":"page","link":"https:\/\/www.plastitom.com\/en\/shipping-and-delivery\/","title":{"rendered":"Shipping and delivery"},"content":{"rendered":"<p class=\"p1\">At\u00a0<span class=\"s1\"><b>Plasti-Tom<\/b><\/span>, We are committed to ensuring fast, reliable and secure shipping of your products anywhere in the world.\u00a0<span class=\"s1\"><b>Quebec<\/b><\/span>, at\u00a0<span class=\"s1\"><b>Canada<\/b><\/span>\u00a0and\u00a0<span class=\"s1\"><b>United States<\/b><\/span>. Our partnerships with specialized carriers enable us to offer efficient service, whatever your location.<\/p>\n<h2><b>Delivery<\/b><\/h2>\n<h3><b>Processing and delivery times<\/b><\/h3>\n<p class=\"p1\">Orders are carefully prepared and dispatched within\u00a0<span class=\"s1\"><b>24 to 48 business hours<\/b><\/span>\u00a0after confirmation.<\/p>\n<p class=\"p1\">Certain exceptions may apply for :<\/p>\n<ul>\n<li>\n<p class=\"p1\">made to measure<\/p>\n<\/li>\n<li>\n<p class=\"p1\">not available in inventory (BO).<\/p>\n<p class=\"p2\"><b>If we are out of stock, your order will be delivered free of charge as soon as we receive the items.<\/b><\/p>\n<\/li>\n<\/ul>\n<h3><b>Delivery times by region<\/b><\/h3>\n<ul>\n<li>\n<p class=\"p1\">Quebec: 24 to 48 h<\/p>\n<\/li>\n<li>\n<p class=\"p1\">Ontario and Maritimes: 24 to 72 h<\/p>\n<\/li>\n<li>\n<p class=\"p1\">Elsewhere in the country: 4 to 6 days<\/p>\n<\/li>\n<li>\n<p class=\"p1\">United States: according to region (confirmation at time of order)<\/p>\n<\/li>\n<\/ul>\n<h3><b>Free delivery<\/b><\/h3>\n<p class=\"p1\"><b>Free delivery anywhere in Quebec<\/b><span class=\"s1\">\u00a0with the purchase of\u00a0<\/span><b>8 pallets or more<\/b><span class=\"s1\">.<\/span><\/p>\n<h2><b>Shipping methods<\/b><\/h2>\n<p class=\"p1\">Deliveries are made via specialized carriers, chosen according to :<\/p>\n<ul>\n<li>\n<p class=\"p1\">the nature of the products (parcels, pallets, bulky loads),<\/p>\n<\/li>\n<li>\n<p class=\"p1\">destination,<\/p>\n<\/li>\n<li>\n<p class=\"p1\">weight and volume.<\/p>\n<\/li>\n<\/ul>\n<p class=\"p1\">Delivery charges (where applicable) are calculated according to these parameters.<\/p>\n<h2><b>Areas served<\/b><\/h2>\n<p class=\"p1\">We deliver to\u00a0<span class=\"s1\"><b>all of Canada<\/b><\/span>\u00a0and\u00a0<span class=\"s1\"><b>United States<\/b><\/span>.<\/p>\n<h2><b>Order tracking<\/b><\/h2>\n<p class=\"p3\">A tracking number can be provided when available. If you have any questions about your delivery, please do not hesitate to contact us:\u00a0<b>info@plastitom.com<\/b><b><\/b><\/p>\n<h2><b>Receiving orders<\/b><\/h2>\n<p class=\"p3\">Please inspect your order as soon as you receive it.<\/p>\n<p class=\"p3\">If a product is :<\/p>\n<ul>\n<li>\n<p class=\"p1\"><b>damaged<\/b><span class=\"s1\">, or<\/span><\/p>\n<\/li>\n<li>\n<p class=\"p1\"><b>missing<\/b><\/p>\n<\/li>\n<\/ul>\n<p class=\"p3\">Please contact us within\u00a0<span class=\"s2\"><b>48 hours<\/b><\/span>, with photos. Our team will take care of the situation quickly.<\/p>\n<h2><b>Shipping Manager<\/b><\/h2>\n<p class=\"p4\"><b>Francis Fecteau<br \/>\n<\/b><b><\/b>Delivery Manager<\/p>\n<p class=\"p4\"><b>Plasti-Tom<br \/>\n<\/b><b><\/b>875, rue Industrielle, Saint-Fr\u00e9d\u00e9ric (Qu\u00e9bec) G0N 1P0<\/p>\n<p class=\"p4\"><b>info@plastitom.com<\/b><\/p>\n","protected":false},"excerpt":{"rendered":"<p>At\u00a0Plasti-Tom, We are committed to ensuring fast, reliable and secure shipping of your products anywhere in the world.\u00a0Quebec, at\u00a0Canada\u00a0and\u00a0United States. Our partnerships with specialized carriers enable us to offer efficient service, whatever your location. Delivery Processing and delivery times Orders are carefully prepared and dispatched within\u00a024 to 48 business hours\u00a0after confirmation. Certain exceptions may apply [&hellip;]<\/p>\n","protected":false},"author":1,"featured_media":20097,"parent":0,"menu_order":0,"comment_status":"closed","ping_status":"closed","template":"","meta":{"_seopress_robots_primary_cat":"","_seopress_titles_title":"Shipping and delivery - Plasti-Tom","_seopress_titles_desc":"Discover our shipping options for Plasti-Tom reinforcement supports: rates, areas served, and order tracking. Fast delivery in Quebec.","_seopress_robots_index":"","footnotes":""},"class_list":["post-20098","page","type-page","status-publish","has-post-thumbnail","hentry"],"meta_box":[],"_links":{"self":[{"href":"https:\/\/www.plastitom.com\/en\/wp-json\/wp\/v2\/pages\/20098","targetHints":{"allow":["GET"]}}],"collection":[{"href":"https:\/\/www.plastitom.com\/en\/wp-json\/wp\/v2\/pages"}],"about":[{"href":"https:\/\/www.plastitom.com\/en\/wp-json\/wp\/v2\/types\/page"}],"author":[{"embeddable":true,"href":"https:\/\/www.plastitom.com\/en\/wp-json\/wp\/v2\/users\/1"}],"replies":[{"embeddable":true,"href":"https:\/\/www.plastitom.com\/en\/wp-json\/wp\/v2\/comments?post=20098"}],"version-history":[{"count":3,"href":"https:\/\/www.plastitom.com\/en\/wp-json\/wp\/v2\/pages\/20098\/revisions"}],"predecessor-version":[{"id":21163,"href":"https:\/\/www.plastitom.com\/en\/wp-json\/wp\/v2\/pages\/20098\/revisions\/21163"}],"wp:featuredmedia":[{"embeddable":true,"href":"https:\/\/www.plastitom.com\/en\/wp-json\/wp\/v2\/media\/20097"}],"wp:attachment":[{"href":"https:\/\/www.plastitom.com\/en\/wp-json\/wp\/v2\/media?parent=20098"}],"curies":[{"name":"wp","href":"https:\/\/api.w.org\/{rel}","templated":true}]}}